{"id":2357,"date":"2021-04-23T02:54:24","date_gmt":"2021-04-23T02:54:24","guid":{"rendered":"http:\/\/www.isaleal.org\/?page_id=2357"},"modified":"2021-04-23T18:27:00","modified_gmt":"2021-04-23T18:27:00","slug":"geophysical-research-with-dr-ian-faloona","status":"publish","type":"page","link":"https:\/\/www.isaleal.org\/wproot\/geophysical-research-with-dr-ian-faloona\/","title":{"rendered":""},"content":{"rendered":"<body><p style=\"text-align: center;\">Work Samples from <strong><i>Coastal Fog: A Dance Sonata in Four Movements\u00a0<\/i><\/strong><\/p>\n<p style=\"text-align: center;\"><span style=\"font-weight: 400;\">devised with Geophysical Fluid Dynamics and\u00a0<\/span><span style=\"font-weight: 400;\">Diego Martinez-Campos,\u00a0<\/span><span style=\"font-weight: 400;\">Ver\u00f3nica Diaz-Mu\u00f1\u00edz,\u00a0<\/span><span style=\"font-weight: 400;\">Maria Ceja<\/span><\/p>\n<p style=\"text-align: center;\"><strong>Dr. Ian Faloona &amp; Isa Leal<\/strong><\/p>\n<p style=\"text-align: center;\"><em>Excerpts from <strong>Movement 2: Air<\/strong> and\u00a0<strong>Movement 3: Water<\/strong><\/em><\/p>\n<p><strong>Movement 3: <\/strong><b>Coastal Drag\/Spin (Water)<\/b><span style=\"font-weight: 400;\">\u00a0\u2013 Marine air mass collides with coastal mountains deflecting south and driving the California ocean current and forcing the upwelling of cold, nutrient rich deep water along the coast.<\/span><\/p>\n<p><iframe loading=\"lazy\" src=\"https:\/\/player.vimeo.com\/video\/469644187\" width=\"640\" height=\"1138\" frameborder=\"0\" allowfullscreen=\"allowfullscreen\"><\/iframe><\/p>\n<p style=\"text-align: center;\">\u00a0<iframe loading=\"lazy\" title=\"vimeo-player\" src=\"https:\/\/player.vimeo.com\/video\/540499593\" width=\"640\" height=\"360\" frameborder=\"0\" allowfullscreen=\"allowfullscreen\"><\/iframe>\u00a0<\/p>\n<p><iframe loading=\"lazy\" src=\"https:\/\/player.vimeo.com\/video\/540492107\" width=\"640\" height=\"360\" frameborder=\"0\" allowfullscreen=\"allowfullscreen\"><\/iframe>\u00a0\u00a0<\/p>\n<p><strong>Movement 2:<\/strong>\u00a0<b>Sinking\/Drying (Air)<\/b><span style=\"font-weight: 400;\"> \u2013 Descending, warm\/dry air over the Pacific Ocean presses down on westerly winds, speeding them up and trapping moisture on their way to N. American west coast.<\/span><\/p>\n<div style=\"padding: 56.25% 0 0 0; position: relative;\"><iframe loading=\"lazy\" style=\"position: absolute; top: 0; left: 0; width: 100%; height: 100%;\" title=\"Air_on_hill_1min_snippet.mp4\" src=\"https:\/\/player.vimeo.com\/video\/540499957?badge=0&amp;autopause=0&amp;player_id=0&amp;app_id=58479\" width=\"640\" height=\"360\" frameborder=\"0\" allowfullscreen=\"allowfullscreen\"><\/iframe><\/div>\n<p><script src=\"https:\/\/player.vimeo.com\/api\/player.js\"><\/script><\/p>\n<p style=\"text-align: center;\"><a href=\"http:\/\/isaleal.org\"><strong>Back to Isaleal.org<\/strong><\/a><\/p>\n<\/body>","protected":false},"excerpt":{"rendered":"<p>Work Samples from Coastal Fog: A Dance Sonata in Four Movements\u00a0 devised with Geophysical Fluid Dynamics and\u00a0Diego Martinez-Campos,\u00a0Ver\u00f3nica Diaz-Mu\u00f1\u00edz,\u00a0Maria Ceja Dr. Ian Faloona &amp; Isa Leal Excerpts from&#8230;<\/p>\n","protected":false},"author":2,"featured_media":2369,"parent":0,"menu_order":0,"comment_status":"closed","ping_status":"closed","template":"","meta":{"ngg_post_thumbnail":0,"footnotes":""},"class_list":["post-2357","page","type-page","status-publish","has-post-thumbnail","hentry"],"jetpack_sharing_enabled":true,"_links":{"self":[{"href":"https:\/\/www.isaleal.org\/wproot\/wp-json\/wp\/v2\/pages\/2357","targetHints":{"allow":["GET"]}}],"collection":[{"href":"https:\/\/www.isaleal.org\/wproot\/wp-json\/wp\/v2\/pages"}],"about":[{"href":"https:\/\/www.isaleal.org\/wproot\/wp-json\/wp\/v2\/types\/page"}],"author":[{"embeddable":true,"href":"https:\/\/www.isaleal.org\/wproot\/wp-json\/wp\/v2\/users\/2"}],"replies":[{"embeddable":true,"href":"https:\/\/www.isaleal.org\/wproot\/wp-json\/wp\/v2\/comments?post=2357"}],"version-history":[{"count":16,"href":"https:\/\/www.isaleal.org\/wproot\/wp-json\/wp\/v2\/pages\/2357\/revisions"}],"predecessor-version":[{"id":2383,"href":"https:\/\/www.isaleal.org\/wproot\/wp-json\/wp\/v2\/pages\/2357\/revisions\/2383"}],"wp:featuredmedia":[{"embeddable":true,"href":"https:\/\/www.isaleal.org\/wproot\/wp-json\/wp\/v2\/media\/2369"}],"wp:attachment":[{"href":"https:\/\/www.isaleal.org\/wproot\/wp-json\/wp\/v2\/media?parent=2357"}],"curies":[{"name":"wp","href":"https:\/\/api.w.org\/{rel}","templated":true}]}}